{"id":6106,"date":"2025-10-31T10:18:33","date_gmt":"2025-10-31T10:18:33","guid":{"rendered":"https:\/\/maxymia.com\/?post_type=product&#038;p=6106"},"modified":"2026-02-20T10:38:53","modified_gmt":"2026-02-20T10:38:53","slug":"ia-para-cientificos","status":"publish","type":"product","link":"https:\/\/maxymia.com\/en\/product\/ia-para-cientificos\/","title":{"rendered":"AI for Scientists: Automate Your Routine"},"content":{"rendered":"<p>Automate your routine with Artificial Intelligence. The course <strong>\u201cAI for Scientists\u201d<\/strong> It is an intensive and practical training program, specifically designed for professionals in any scientific sector (<strong>no programming knowledge required<\/strong>Its goal is to teach how to implement an ecosystem of Artificial Intelligence tools for<strong> automate <\/strong>tasks, <strong>streamline<\/strong> bibliographic searches, <strong>enhance<\/strong> scientific communication and, ultimately, <strong>optimize<\/strong> every facet of the daily workflow.<\/p>\n<p style=\"text-align: center; margin-top: 25px;\"><a style=\"display: inline-block; background: linear-gradient(135deg, #007bff, #0056d6); color: #fff; font-weight: 600; text-decoration: none; padding: 12px 28px; border-radius: 8px; box-shadow: 0 3px 8px rgba(0,0,0,0.15); transition: all 0.25s ease;\" href=\"https:\/\/maxymia.com\/wp-content\/uploads\/2025\/12\/guia_didactica_ia_cientificos_diapositivas.pdf\" target=\"_blank\" rel=\"noopener noreferrer\">\ud83d\udcd8 See Teaching Guide<br \/>\n<\/a><\/p>","protected":false},"excerpt":{"rendered":"<p>Automatiza tu rutina con Inteligencia Artificial. El curso &#8220;IA para Cient\u00edficos&#8221; es una formaci\u00f3n intensiva y pr\u00e1ctica, dise\u00f1ada espec\u00edficamente para profesionales de cualquier sector cient\u00edfico (sin necesidad de conocimientos de programaci\u00f3n). Su objetivo es ense\u00f1ar c\u00f3mo implementar un ecosistema de herramientas de Inteligencia Artificial para automatizar tareas, agilizar las b\u00fasquedas bibliogr\u00e1ficas, potenciar la comunicaci\u00f3n cient\u00edfica [&hellip;]<\/p>","protected":false},"featured_media":6684,"template":"","meta":{"_acf_changed":false,"_kadence_starter_templates_imported_post":false},"product_brand":[],"product_cat":[35],"product_tag":[36,38,37,39],"class_list":{"0":"post-6106","1":"product","2":"type-product","3":"status-publish","4":"has-post-thumbnail","6":"product_cat-cursos","7":"product_tag-automatizacion","8":"product_tag-ciencia","9":"product_tag-inteligencia-artificial","10":"product_tag-tecnologia","12":"first","13":"instock","14":"sale","15":"virtual","16":"sold-individually","17":"purchasable","18":"product-type-course"},"acf":[],"jetpack_sharing_enabled":true,"_links":{"self":[{"href":"https:\/\/maxymia.com\/en\/wp-json\/wp\/v2\/product\/6106","targetHints":{"allow":["GET"]}}],"collection":[{"href":"https:\/\/maxymia.com\/en\/wp-json\/wp\/v2\/product"}],"about":[{"href":"https:\/\/maxymia.com\/en\/wp-json\/wp\/v2\/types\/product"}],"wp:featuredmedia":[{"embeddable":true,"href":"https:\/\/maxymia.com\/en\/wp-json\/wp\/v2\/media\/6684"}],"wp:attachment":[{"href":"https:\/\/maxymia.com\/en\/wp-json\/wp\/v2\/media?parent=6106"}],"wp:term":[{"taxonomy":"product_brand","embeddable":true,"href":"https:\/\/maxymia.com\/en\/wp-json\/wp\/v2\/product_brand?post=6106"},{"taxonomy":"product_cat","embeddable":true,"href":"https:\/\/maxymia.com\/en\/wp-json\/wp\/v2\/product_cat?post=6106"},{"taxonomy":"product_tag","embeddable":true,"href":"https:\/\/maxymia.com\/en\/wp-json\/wp\/v2\/product_tag?post=6106"}],"curies":[{"name":"wp","href":"https:\/\/api.w.org\/{rel}","templated":true}]}}