{"id":6117,"date":"2025-10-31T11:39:19","date_gmt":"2025-10-31T11:39:19","guid":{"rendered":"https:\/\/maxymia.com\/?page_id=6117"},"modified":"2025-11-04T17:58:31","modified_gmt":"2025-11-04T17:58:31","slug":"gracias","status":"publish","type":"page","link":"https:\/\/maxymia.com\/en\/gracias\/","title":{"rendered":"Gracias IA Cient\u00edficos"},"content":{"rendered":"<h1 class=\"wp-block-heading\">You are now part of AI for Scientists!<\/h1>\n\n\n\n<div style=\"height:26px\" aria-hidden=\"true\" class=\"wp-block-spacer\"><\/div>\n\n\n\n<blockquote class=\"wp-block-quote is-layout-flow wp-block-quote-is-layout-flow\">\n<p><strong>You have received an email with your order information<\/strong><\/p>\n<\/blockquote>\n\n\n\n<div style=\"height:22px\" aria-hidden=\"true\" class=\"wp-block-spacer\"><\/div>\n\n\n\n<h6 class=\"wp-block-heading\">Access your course from the &quot;PROFILE&quot; section on the homepage. In &quot;Your courses&quot; you can select the courses you have purchased.<\/h6>\n\n\n\n<div style=\"height:36px\" aria-hidden=\"true\" class=\"wp-block-spacer\"><\/div>\n\n\n<style>.wp-block-kadence-advancedbtn.kb-btns6117_1d2913-f5{gap:var(--global-kb-gap-xs, 0.5rem );justify-content:center;align-items:center;}.kt-btns6117_1d2913-f5 .kt-button{font-weight:normal;font-style:normal;}.kt-btns6117_1d2913-f5 .kt-btn-wrap-0{margin-right:5px;}.wp-block-kadence-advancedbtn.kt-btns6117_1d2913-f5 .kt-btn-wrap-0 .kt-button{color:#555555;border-color:#555555;}.wp-block-kadence-advancedbtn.kt-btns6117_1d2913-f5 .kt-btn-wrap-0 .kt-button:hover, .wp-block-kadence-advancedbtn.kt-btns6117_1d2913-f5 .kt-btn-wrap-0 .kt-button:focus{color:#ffffff;border-color:#444444;}.wp-block-kadence-advancedbtn.kt-btns6117_1d2913-f5 .kt-btn-wrap-0 .kt-button::before{display:none;}.wp-block-kadence-advancedbtn.kt-btns6117_1d2913-f5 .kt-btn-wrap-0 .kt-button:hover, .wp-block-kadence-advancedbtn.kt-btns6117_1d2913-f5 .kt-btn-wrap-0 .kt-button:focus{background:#444444;}<\/style>\n<div class=\"wp-block-kadence-advancedbtn kb-buttons-wrap kb-btns6117_1d2913-f5\"><style>ul.menu .wp-block-kadence-advancedbtn .kb-btn6117_cd69ab-d4.kb-button{width:initial;}<\/style><a class=\"kb-button kt-button button kb-btn6117_cd69ab-d4 kt-btn-size-standard kt-btn-width-type-auto kb-btn-global-fill  kt-btn-has-text-true kt-btn-has-svg-false  wp-block-kadence-singlebtn\" href=\"https:\/\/maxymia.com\/en\/profile\/\"><span class=\"kt-btn-inner-text\"><strong>Access your profile for the first time<\/strong><\/span><\/a><\/div>\n\n\n\n<p><\/p>","protected":false},"excerpt":{"rendered":"<p>\u00a1Ya formas parte de IA para Cient\u00edficos! Has recibido un correo electr\u00f3nico con la informaci\u00f3n de tu pedido Accede a tu curso siempre desde la secci\u00f3n &#8220;PERFIL&#8221; en la p\u00e1gina de inicio. En &#8220;Tus cursos&#8221; podr\u00e1s seleccionar aquellos que hayas adquirido.<\/p>","protected":false},"author":1,"featured_media":0,"parent":0,"menu_order":0,"comment_status":"closed","ping_status":"closed","template":"","meta":{"_acf_changed":false,"_kadence_starter_templates_imported_post":false,"footnotes":""},"class_list":["post-6117","page","type-page","status-publish","hentry"],"blocksy_meta":[],"acf":[],"jetpack_sharing_enabled":true,"_links":{"self":[{"href":"https:\/\/maxymia.com\/en\/wp-json\/wp\/v2\/pages\/6117","targetHints":{"allow":["GET"]}}],"collection":[{"href":"https:\/\/maxymia.com\/en\/wp-json\/wp\/v2\/pages"}],"about":[{"href":"https:\/\/maxymia.com\/en\/wp-json\/wp\/v2\/types\/page"}],"author":[{"embeddable":true,"href":"https:\/\/maxymia.com\/en\/wp-json\/wp\/v2\/users\/1"}],"replies":[{"embeddable":true,"href":"https:\/\/maxymia.com\/en\/wp-json\/wp\/v2\/comments?post=6117"}],"version-history":[{"count":6,"href":"https:\/\/maxymia.com\/en\/wp-json\/wp\/v2\/pages\/6117\/revisions"}],"predecessor-version":[{"id":6187,"href":"https:\/\/maxymia.com\/en\/wp-json\/wp\/v2\/pages\/6117\/revisions\/6187"}],"wp:attachment":[{"href":"https:\/\/maxymia.com\/en\/wp-json\/wp\/v2\/media?parent=6117"}],"curies":[{"name":"wp","href":"https:\/\/api.w.org\/{rel}","templated":true}]}}